{"id":6,"date":"2012-06-06T09:36:03","date_gmt":"2012-06-06T08:36:03","guid":{"rendered":"http:\/\/joves.colectic.coop\/20aniversari\/"},"modified":"2012-10-19T14:21:21","modified_gmt":"2012-10-19T13:21:21","slug":"programa-activitats","status":"publish","type":"page","link":"https:\/\/joves.colectic.coop\/20aniversari\/programa-activitats\/","title":{"rendered":"Programa d&#8217;activitats"},"content":{"rendered":"<p><a href=\"https:\/\/joves.colectic.coop\/20aniversari\/files\/2012\/06\/A3_cartell_jornada_teb.pdf\"><img loading=\"lazy\" decoding=\"async\" src=\"https:\/\/joves.colectic.coop\/20aniversari\/files\/2012\/06\/cartell_jornada_bloc_300px.png\" alt=\"Programa jornada 20 anys \" width=\"298\" height=\"420\" class=\"alignright size-full wp-image-429\" srcset=\"https:\/\/joves.colectic.coop\/20aniversari\/files\/2012\/06\/cartell_jornada_bloc_300px.png 298w, https:\/\/joves.colectic.coop\/20aniversari\/files\/2012\/06\/cartell_jornada_bloc_300px-212x300.png 212w\" sizes=\"auto, (max-width: 298px) 100vw, 298px\" \/><\/a><br \/>\n<big><strong>Dissabte 27 d&#8217;octubre de 2012<\/strong><\/big> <\/span><br \/>\n<strong>D&#8217;11.00 h a 21.00 h, al <a href=\"http:\/\/www.cbfolchitorres.cat\/\">Casal de Barri Folch i Torres<\/a><\/strong><br \/>\n<strong>C. Reina Am\u00e0lia, 31. Barcelona<\/strong><br \/>\n<strong>Entrada lliure<\/strong><\/p>\n<p><strong>Programa<\/strong>:<\/p>\n<ul>\n<li>11.00 h <strong>Acollida.<\/strong><\/li>\n<li>11.30 h Benvinguda: &#8220;<strong>Els 20 anys del Teb<\/strong>&#8220;, a c\u00e0rrec de l&#8217;equip coordinador del Teb.<\/li>\n<li>12.30 h <strong>Xerrada: &#8220;La revoluci\u00f3 educativa de les noves tecnologies&#8221;, a c\u00e0rrec de Jordi Adell.<\/strong><\/li>\n<li>14.30 h Pausa.<\/li>\n<li>15.30 h <strong>L&#8217;hora del Te-b<\/strong>, degustaci\u00f3 de te i caf\u00e8 preparat pels i per les joves del Teb.<\/li>\n<li>16.30 h Inauguraci\u00f3 dels tallers: &#8220;Dels centres d&#8217;acc\u00e9s a la tecnologia als centres de creaci\u00f3&#8221;, a c\u00e0rrec de <strong>Mitchell Baker, Presidenta de la Fundaci\u00f3 Mozilla<\/strong>.\n<li>17.00 h Tallers simultanis:<\/li>\n<ul>\n<li><strong>Teixeix el web!<\/strong>: Taller de <em>webmaking<\/em> amb la <strong>Fundaci\u00f3 Mozill<\/strong>a <\/li>\n<li><strong>Rob\u00f2tica Educativa<\/strong>: Munta i programa un robot!<\/li>\n<li><strong>Mediateca del Raval<\/strong>, digitalitzem fotos del barri, amb la col\u00b7laboraci\u00f3 de la Mediateca M\u00f2bil de Bufal\u00e0 (Badalona).<\/li>\n<li><strong>Videomaton<\/strong>: Regala&#8217;ns la teva experi\u00e8ncia i apr\u00e8n qu\u00e8 \u00e9s el croma<\/li>\n<\/ul>\n<li>19.00 h <strong>Concert<\/strong> dels joves del projecte maquestes de hip hop i <em>break dance<\/em> del Teb<\/li>\n<li>21.00 h Cloenda <\/li>\n<p><strong>\t<\/p>\n<li>Durant tot el dia<\/strong> mantindrem un espai de projeccions de fotos i v\u00eddeos de la hist\u00f2ria del Teb<\/li>\n<\/ul>\n<p><a href=\"https:\/\/joves.colectic.coop\/20aniversari\/files\/2012\/06\/A3_cartell_jornada_teb.pdf\">Descarrega&#8217;t el programa el pdf<\/a>.<br \/>\n&#8212;&#8212;&#8212;&#8212;&#8212;&#8212;&#8212;&#8212;&#8212;&#8212;&#8212;&#8212;&#8212;&#8212;&#8212;&#8212;&#8212;&#8212;&#8212;&#8212;&#8212;&#8212;&#8212;&#8212;&#8212;&#8212;&#8212;&#8212;&#8212;&#8212;<\/p>\n<p><span style=\"color: #1f455d\"><big><strong>Concert 20\u00e8 aniversari del Teb<\/strong><\/big><br \/>\n<big><strong>Dissabte 29 de setembre de 2012<\/strong><\/big> <\/span><br \/>\n<strong>De 20.00 h a 02.00 h, a l&#8217;<a href=\"http:\/\/www.ateneu9b.net\/\">Ateneu Popular 9barris<\/a><\/strong><\/p>\n<p><a href=\"https:\/\/joves.colectic.coop\/20aniversari\/files\/2012\/06\/A6_web.png\"><img loading=\"lazy\" decoding=\"async\" class=\"alignright size-full wp-image-306\" src=\"https:\/\/joves.colectic.coop\/20aniversari\/files\/2012\/06\/A6_web.png\" alt=\"\" width=\"298\" height=\"420\" srcset=\"https:\/\/joves.colectic.coop\/20aniversari\/files\/2012\/06\/A6_web.png 298w, https:\/\/joves.colectic.coop\/20aniversari\/files\/2012\/06\/A6_web-212x300.png 212w\" sizes=\"auto, (max-width: 298px) 100vw, 298px\" \/><\/a><strong>Amb les actuacions de<\/strong>:<\/p>\n<ul>\n<li>Joves del projecte Break &amp; Maquetes hip hop del Teb<\/li>\n<li>Dj Aka<\/li>\n<li>Vittur<\/li>\n<li>Spuu<\/li>\n<li>Mc Redecki<\/li>\n<li>Fat Skuru<\/li>\n<li>Mateolika<\/li>\n<li>La Kinky Dub Machine<\/li>\n<li>Drako &amp; Evy<\/li>\n<li>Efr\u00e9n i Suko amb Dj Switch<\/li>\n<li>Eddine Sa\u00efd<\/li>\n<li>Dlux<\/li>\n<li>De Kalle<\/li>\n<li>Demo &amp; DjSwet<\/li>\n<li>Mr. Sutra (Salamanca)<\/li>\n<\/ul>\n<p><strong>Speakers:<\/strong> <a title=\"Espai web de Show Bizness\" href=\"http:\/\/www.showbizness.org\/\" target=\"_blank\">Show Bizness<\/a><\/p>\n<p><span style=\"color: #1f455d\"><strong>Com arribar a l&#8217;Ateneu 9barris:<\/strong><\/span><br \/>\nMira <a title=\"On est\u00e0 l'Ateneu 9barris\" href=\"https:\/\/maps.google.com\/maps\/myplaces?hl=ca&amp;ll=41.452972,2.180142&amp;spn=0.012062,0.01929&amp;ctz=-120&amp;t=m&amp;z=16&amp;iwloc=0004c99067d13b9657810\" target=\"_self\">el mapa<\/a> i les indicacions al web de l&#8217;<a href=\"http:\/\/www.ateneu9b.net\/content\/som\">Ateneu 9barris<\/a>.<br \/>\n[cetsEmbedGmap src=http:\/\/maps.google.com\/maps\/ms?msa=0&amp;msid=215131248922434485170.0004c9902f42ec375faca&amp;hl=ca&amp;ie=UTF8&amp;t=m&amp;ll=41.450318,2.180872&amp;spn=0.011258,0.018239&amp;z=15&amp;output=embed width=450 height=325 marginwidth=0 marginheight=0 frameborder=0 scrolling=no]<\/p>\n<p><span style=\"color: #1f455d\"><big><strong>Donatius a partir de 6\u20ac<\/strong><\/big><\/span><\/p>\n<ul>\n<li>A trav\u00e9s d&#8217;<a title=\"Fes un donatiu\" href=\"https:\/\/joves.colectic.coop\/20aniversari\/fes-un-donatiu\/\">aquest mateix bloc<\/a><\/li>\n<li>Al n\u00famero de compte: 2100 3286 48 2200126088<\/li>\n<li>Al <a title=\"Vine a veure'ns\" href=\"https:\/\/joves.colectic.coop\/20aniversari\/contacte\/\">Teb<\/a><\/li>\n<li>El mateix dia del concert, l&#8217;<a href=\"http:\/\/www.ateneu9b.net\/content\/som\">Ateneu 9barris<\/a><\/li>\n<\/ul>\n<p><span style=\"color: #1f455d\"><big><strong>Difusi\u00f3<\/strong><\/big><\/span><br \/>\n<a title=\"Nota de premsa sobre el concert\" href=\"https:\/\/joves.colectic.coop\/20aniversari\/files\/2012\/06\/NdP_AssociacioJovesTEB.pdf\">Descarrega la nota de premsa<\/a><\/p>\n<p><span style=\"color: #1f455d\"><strong>Material gr\u00e0fic<\/strong><\/span><\/p>\n<ul>\n<li>Descarrega el cartell <a title=\"Cartell del concert 29S en catal\u00e0\" href=\"https:\/\/joves.colectic.coop\/20aniversari\/files\/2012\/06\/A3_cartell_teb_concert_29S_cat.pdf\">en catal\u00e0 <\/a>| <a title=\"Cartell del concert 29S en catal\u00e0\" href=\"https:\/\/joves.colectic.coop\/20aniversari\/files\/2012\/06\/A3_cartell_teb_concert_29S_esp.pdf\">en castell\u00e0<\/a><\/li>\n<li>Descarrega el full de m\u00e0 (<em>flyer<\/em>) <a title=\"Flyer del concert 29S en catal\u00e0\" href=\"https:\/\/joves.colectic.coop\/20aniversari\/files\/2012\/06\/A6_flyer_concert_cat.pdf\">en catal\u00e0<\/a> | <a title=\"Flyer del concert 29S en castell\u00e0\" href=\"https:\/\/joves.colectic.coop\/20aniversari\/files\/2012\/06\/A6_flyer_concert_esp.pdf\">en castell\u00e0<\/a><\/li>\n<\/ul>\n<p>&#8212;&#8212;&#8212;&#8212;&#8212;&#8212;&#8212;&#8212;&#8212;&#8212;&#8212;&#8212;&#8212;&#8212;&#8212;&#8212;&#8212;&#8212;&#8212;&#8212;&#8212;&#8212;&#8212;&#8212;&#8212;&#8212;&#8212;&#8212;&#8212;&#8212;&#8212;&#8212;&#8212;&#8212;&#8212;&#8212;&#8212;&#8212;<\/p>\n","protected":false},"excerpt":{"rendered":"<p>Dissabte 27 d&#8217;octubre de 2012 D&#8217;11.00 h a 21.00 h, al Casal de Barri Folch i Torres C. Reina Am\u00e0lia, 31. Barcelona Entrada lliure Programa: 11.00 h Acollida. 11.30 h Benvinguda: &#8220;Els 20 anys del Teb&#8220;, a c\u00e0rrec de l&#8217;equip &hellip; <a href=\"https:\/\/joves.colectic.coop\/20aniversari\/programa-activitats\/\">Continua llegint <span class=\"meta-nav\">&rarr;<\/span><\/a><\/p>\n","protected":false},"author":1,"featured_media":0,"parent":0,"menu_order":3,"comment_status":"closed","ping_status":"open","template":"","meta":{"footnotes":""},"class_list":["post-6","page","type-page","status-publish","hentry"],"_links":{"self":[{"href":"https:\/\/joves.colectic.coop\/20aniversari\/wp-json\/wp\/v2\/pages\/6","targetHints":{"allow":["GET"]}}],"collection":[{"href":"https:\/\/joves.colectic.coop\/20aniversari\/wp-json\/wp\/v2\/pages"}],"about":[{"href":"https:\/\/joves.colectic.coop\/20aniversari\/wp-json\/wp\/v2\/types\/page"}],"author":[{"embeddable":true,"href":"https:\/\/joves.colectic.coop\/20aniversari\/wp-json\/wp\/v2\/users\/1"}],"replies":[{"embeddable":true,"href":"https:\/\/joves.colectic.coop\/20aniversari\/wp-json\/wp\/v2\/comments?post=6"}],"version-history":[{"count":79,"href":"https:\/\/joves.colectic.coop\/20aniversari\/wp-json\/wp\/v2\/pages\/6\/revisions"}],"predecessor-version":[{"id":433,"href":"https:\/\/joves.colectic.coop\/20aniversari\/wp-json\/wp\/v2\/pages\/6\/revisions\/433"}],"wp:attachment":[{"href":"https:\/\/joves.colectic.coop\/20aniversari\/wp-json\/wp\/v2\/media?parent=6"}],"curies":[{"name":"wp","href":"https:\/\/api.w.org\/{rel}","templated":true}]}}